{"id":3,"date":"2022-10-15T07:06:17","date_gmt":"2022-10-15T07:06:17","guid":{"rendered":"https:\/\/oliolequerce.it\/?page_id=3"},"modified":"2022-11-23T08:30:35","modified_gmt":"2022-11-23T08:30:35","slug":"privacy-policy","status":"publish","type":"page","link":"https:\/\/oliolequerce.it\/en\/privacy-policy\/","title":{"rendered":"Privacy Policy"},"content":{"rendered":"<h3 class=\"vc_custom_heading wp-block-heading\">Informativa Sintetica<\/h3>\r\n<div class=\"vc_empty_space\">\u00a0<\/div>\r\n<div class=\"wpb_text_column wpb_content_element\">\r\n<div class=\"wpb_wrapper\">Azienda Agricola Le Querce di Tommaso Ver\u00ec (https:\/\/oliolequerce.it)\r\n<ul>\r\n<li>non pubblica banner pubblicitari, non utilizza dati degli utenti a fini pubblicitari o comunque per profilare gli utenti;<\/li>\r\n<li>minimizza il pi\u00f9 possibile la raccolta e l\u2019uso dei dati personali degli utenti;<\/li>\r\n<li>utilizza per specifiche funzionalit\u00e0 del sito servizi di terze parti, che potrebbero raccogliere dati degli utenti in forma anonima;<\/li>\r\n<li>il consenso all\u2019utilizzo dei dati si conferisce tramite il banner dedicato, e in alcuni casi tramite i moduli di contatto o registrazione account, ed \u00e8 revocabile in qualsiasi momento.<\/li>\r\n<\/ul>\r\nDi seguito vi forniamo informazioni pi\u00f9 dettagliate sul trattamento dei vostri dati personali.<\/div>\r\n<\/div>\r\n<div class=\"deeper-spacer clearfix\" data-config=\"{&quot;desktop&quot;:45,&quot;mobile&quot;:35,&quot;smobile&quot;:25}\">\u00a0<\/div>\r\n<h2 class=\"deeper-text align-left  wow fadeInUp\" data-wow-duration=\"0.75s\" data-wow-delay=\"0.3s\">\u00a0<\/h2>\r\n<h3 class=\"vc_custom_heading\">Informativa Dettagliata<\/h3>\r\n<div class=\"vc_empty_space\">\u00a0<\/div>\r\n<div class=\"wpb_text_column wpb_content_element\">\r\n<div class=\"wpb_wrapper\">In ottemperanza degli obblighi derivanti dalla normativa europea (Regolamento Generale per la protezione dei dati personali n. 2016\/679, DL 10 agosto 2018, n. 101) in materia di tutela dei dati personali, <em>Azienda Agricola Le Querce di Tommaso Ver\u00ec<\/em> rispetta e tutela la riservatezza dei visitatori e degli utenti, ponendo in essere ogni sforzo possibile e proporzionato per non ledere i rispettivi diritti.<\/div>\r\n<\/div>\r\n<div class=\"deeper-spacer clearfix\" data-config=\"{&quot;desktop&quot;:45,&quot;mobile&quot;:35,&quot;smobile&quot;:25}\">\u00a0<\/div>\r\n<h2 class=\"deeper-text align-left  wow fadeInUp\" data-wow-duration=\"0.75s\" data-wow-delay=\"0.3s\">\u00a0<\/h2>\r\n<h3 class=\"vc_custom_heading\">Su Quali Basi Trattiamo I Dati<\/h3>\r\n<div class=\"vc_empty_space\">\u00a0<\/div>\r\n<div class=\"wpb_text_column wpb_content_element\">\r\n<div class=\"wpb_wrapper\"><em>Azienda Agricola Le Querce di Tommaso Ver\u00ec<\/em> tratta i dati prevalentemente in base al consenso degli utenti, avviene tramite il banner posto sulla pagina, oppure tramite l\u2019uso del sito web, quale comportamento concludente e costituente consenso implicito, col quale i visitatori\/utenti acconsentono al trattamento dei loro dati personali in relazione alle modalit\u00e0 e alle finalit\u00e0 di seguito descritte, compreso l\u2019eventuale diffusione a terzi se necessaria per l\u2019erogazione di un servizio. Tramite i moduli di comunicazione o di richiesta di servizi vengono raccolti ulteriori consensi relativi alla finalit\u00e0 specifica del servizio. Il conferimento dei dati e quindi il consenso alla raccolta e al trattamento dei dati \u00e8 facoltativo, l\u2019Utente pu\u00f2 negare il consenso, e pu\u00f2 revocare in qualsiasi momento un consenso gi\u00e0 fornito, tramite le impostazioni del browser per i cookie, nella pagina \u2018Gestione dei cookie\u2019 o inviando una richiesta al Titolare tramite il modulo presente nella pagina \u201cCONTATTI\u201d. Tuttavia negare il consenso pu\u00f2 comportare l\u2019impossibilit\u00e0 di utilizzare alcuni servizi.<\/div>\r\n<\/div>\r\n<div class=\"deeper-spacer clearfix\" data-config=\"{&quot;desktop&quot;:45,&quot;mobile&quot;:35,&quot;smobile&quot;:25}\">\u00a0<\/div>\r\n<h2 class=\"deeper-text align-left  wow fadeInUp\" data-wow-duration=\"0.75s\" data-wow-delay=\"0.3s\">\u00a0<\/h2>\r\n<h3 class=\"vc_custom_heading\">Come Utilizziamo I Dati Raccolti<\/h3>\r\n<div class=\"vc_empty_space\">\u00a0<\/div>\r\n<div class=\"wpb_text_column wpb_content_element\">\r\n<div class=\"wpb_wrapper\">I dati raccolti sono utilizzati anche per le seguenti finalit\u00e0:\r\n<ul>\r\n<li>Statistica (analisi). Raccogliamo dati in forma esclusivamente aggregata e anonima al fine di verificare il corretto funzionamento del sito, e l\u2019utilizzo da parte degli utenti per renderlo pi\u00f9 facile e veloce da consultare. Nessuna di queste informazioni \u00e8 correlata all\u2019Utente del sito, e non ne consente in alcun modo l\u2019identificazione.<\/li>\r\n<li>Sicurezza. Raccogliamo dati al fine di tutelare la sicurezza della Applicazione (filtri antispam, firewall, rilevazione virus) e degli Utenti. I dati sono registrati automaticamente e possono eventualmente comprendere anche dati personali che potrebbero essere utilizzati, conformemente alle leggi vigenti in materia, al fine di bloccare tentativi di danneggiamento al sito medesimo o di recare danno ad altri Utenti. Tali dati non sono mai utilizzati per l\u2019identificazione o la profilazione.<\/li>\r\n<li>Attivit\u00e0 accessorie. Comunichiamo dati a terze parti (consulenti, legali) che svolgono funzioni necessarie o strumentali all\u2019operativit\u00e0 del servizio, e per consentire a terze parti di svolgere attivit\u00e0 tecniche, logistiche e di altro tipo per nostro conto (es. invio posta, analisi dati ecc\u2026). Tali parti terze hanno accesso solo ai dati personali che sono necessari per svolgere i propri compiti, si impegnano a non utilizzare i dati per altri scopi, e sono tenuti a trattare i dati personali in conformit\u00e0 delle normative vigenti.<\/li>\r\n<\/ul>\r\n<\/div>\r\n<\/div>\r\n<div class=\"deeper-spacer clearfix\" data-config=\"{&quot;desktop&quot;:45,&quot;mobile&quot;:35,&quot;smobile&quot;:25}\">\u00a0<\/div>\r\n<h2 class=\"deeper-text align-left  wow fadeInUp\" data-wow-duration=\"0.75s\" data-wow-delay=\"0.3s\">\u00a0<\/h2>\r\n<h3 class=\"vc_custom_heading\">Quali Dati Raccogliamo<\/h3>\r\n<div class=\"vc_empty_space\">\u00a0<\/div>\r\n<div class=\"wpb_text_column wpb_content_element\">\r\n<div class=\"wpb_wrapper\"><em>Azienda Agricola Le Querce di Tommaso Ver\u00ec<\/em> raccoglie dati in due modi.\r\n<ul>\r\n<li>Dati raccolti automaticamente. Alcuni dati sono raccolti dal sito di tappytag.it e da Google Analytics. Ad esempio, dati tecnici come il tipo di browser, l\u2019internet service provider, data e orario della visita, tempo di permanenza sul sito, pagina di provenienza e di uscita. Altri dati vengono raccolti utilizzando i cookie o tecnologie similari. Per ulteriori informazioni fai riferimento alla pagina \u2018Gestione dei Cookie\u2019. Questi dati sono utilizzati a fini di statistica e non consentono l\u2019identificazione fisica dell\u2019Utente.<\/li>\r\n<li>Dati forniti volontariamente dall\u2019Utente. Il sito pu\u00f2 raccogliere altri dati in caso di utilizzo volontario di servizi da parte degli utenti, come comunicazioni (moduli per contatto): ad esempio nome e cognome, indirizzo email, indirizzo di residenza fisica, ecc. Questi dati sono forniti volontariamente dall\u2019Utente al momento della richiesta e verranno utilizzati esclusivamente per l\u2019erogazione del servizio richiesto e trattati per il solo tempo necessario alla fornitura del servizio. Gli Utenti esentano <em>Azienda Agricola Le Querce di Tommaso Ver\u00ec<\/em> da qualsiasi responsabilit\u00e0 in merito ad eventuali violazioni delle leggi. Spetta all\u2019Utente verificare di avere i permessi per l\u2019immissione di dati personali di terzi o di contenuti tutelati dalle norme nazionali ed internazionali.<\/li>\r\n<\/ul>\r\n<\/div>\r\n<\/div>\r\n<div class=\"deeper-spacer clearfix\" data-config=\"{&quot;desktop&quot;:45,&quot;mobile&quot;:35,&quot;smobile&quot;:25}\">\u00a0<\/div>\r\n<h2 class=\"deeper-text align-left  wow fadeInUp\" data-wow-duration=\"0.75s\" data-wow-delay=\"0.3s\">\u00a0<\/h2>\r\n<h3 class=\"vc_custom_heading\">Dove Sono Trattati I Dati<\/h3>\r\n<div class=\"vc_empty_space\">\u00a0<\/div>\r\n<div class=\"wpb_text_column wpb_content_element\">\r\n<div class=\"wpb_wrapper\">I dati raccolti dal sito sono trattati presso la sede del Titolare del Trattamento.<\/div>\r\n<\/div>\r\n<div class=\"deeper-spacer clearfix\" data-config=\"{&quot;desktop&quot;:45,&quot;mobile&quot;:35,&quot;smobile&quot;:25}\">\u00a0<\/div>\r\n<h2 class=\"deeper-text align-left  wow fadeInUp\" data-wow-duration=\"0.75s\" data-wow-delay=\"0.3s\">\u00a0<\/h2>\r\n<h3 class=\"vc_custom_heading\">Per Quanto Tempo Sono Conservati I Dati<\/h3>\r\n<div class=\"vc_empty_space\">\u00a0<\/div>\r\n<div class=\"wpb_text_column wpb_content_element\">\r\n<div class=\"wpb_wrapper\">I dati sono trattati per i tempi necessari agli scopi per i quali sono stati raccolti, e comunque non oltre i tempi prescritti dalle norme di legge. Alla scadenza i dati saranno cancellati o anonimizzati, a meno che non sussistano ulteriori finalit\u00e0 per la conservazione degli stessi.\u00a0I dati raccolti sono trattati per i seguenti periodi:\r\n<ul>\r\n<li>finalit\u00e0 di statistica ed analisi: i dati sono trattati in forma aggregata e quindi anonima;<\/li>\r\n<li>finalit\u00e0 di registrazione al sito: i dati degli utenti registrati vengono conservati per tutta la durata del servizio.<\/li>\r\n<\/ul>\r\n<\/div>\r\n<\/div>\r\n<div class=\"deeper-spacer clearfix\" data-config=\"{&quot;desktop&quot;:45,&quot;mobile&quot;:35,&quot;smobile&quot;:25}\">\u00a0<\/div>\r\n<h2 class=\"deeper-text align-left  wow fadeInUp\" data-wow-duration=\"0.75s\" data-wow-delay=\"0.3s\">\u00a0<\/h2>\r\n<h3 class=\"vc_custom_heading\">A Chi Possono Essere Trasferiti I Dati<\/h3>\r\n<div class=\"vc_empty_space\">\u00a0<\/div>\r\n<div class=\"wpb_text_column wpb_content_element\">\r\n<div class=\"wpb_wrapper\">Nello svolgimento delle nostre attivit\u00e0 possiamo dover trasferire alcuni dati a terze parti che svolgono compiti specifici strumentali a quelli del sito, per l\u2019esecuzione di controlli di sicurezza o di ottimizzazione del sito, o per la fornitura di uno specifico servizio richiesto dagli Utenti (es. comunicazioni, spedizioni), o per una legittima richiesta da parte dell\u2019autorit\u00e0 giudiziaria nei soli casi previsti dalla legge.\u00a0Le terze parti hanno accesso solo ai dati personali che sono necessari per svolgere i propri compiti, non possono utilizzare i dati per altri scopi e sono tenute a trattare i dati personali in conformit\u00e0 a questa Informativa sulla privacy, alle istruzioni fornite dal Titolare, e ai sensi delle normative applicabili in materia di protezione dei dati personali.\u00a0Inoltre potrebbero venire a conoscenza dei dati degli Utenti altri soggetti terzi che agiscono quali titolari autonomi del trattamento, utilizzando i dati anche per finalit\u00e0 diverse ed ulteriori. Altri fornitori di servizi terzi che sono titolari autonomi del trattamento sono: Google Analytics.\u00a0I titolari autonomi del trattamento sono vincolati alle norme europee e nazionali in materia di tutela dei dati personali, e ne rispondono personalmente in piena autonomia.<\/div>\r\n<\/div>\r\n<div class=\"deeper-spacer clearfix\" data-config=\"{&quot;desktop&quot;:45,&quot;mobile&quot;:35,&quot;smobile&quot;:25}\">\u00a0<\/div>\r\n<h2 class=\"deeper-text align-left  wow fadeInUp\" data-wow-duration=\"0.75s\" data-wow-delay=\"0.3s\">\u00a0<\/h2>\r\n<h3 class=\"vc_custom_heading\">Trasferimento Dei Dati In Paesi Extra UE<\/h3>\r\n<div class=\"vc_empty_space\">\u00a0<\/div>\r\n<div class=\"wpb_text_column wpb_content_element\">\r\n<div class=\"wpb_wrapper\">Possiamo dover condividere alcuni dei dati raccolti con servizi localizzati al di fuori dell\u2019area SEE (Spazio Economico Europeo). In particolare a Google Analytics.\u00a0Di seguito, rinvio alle privacy policy dei terzi fornitori di servizi utilizzati:\r\n<ul>\r\n<li>Google Analytics (Google)\u00a0<a href=\"https:\/\/policies.google.com\/privacy?hl=it\" target=\"_blank\" rel=\"noopener noreferrer\">https:\/\/policies.google.com\/privacy?hl=it<\/a><\/li>\r\n<\/ul>\r\nIl trasferimento \u00e8 autorizzato in base a specifiche decisioni dell\u2019Unione Europea e del Garante per la tutela dei dati personali, in particolare la decisione 1250\/2016.\r\n<ul>\r\n<li>Privacy Shield:\u00a0<a href=\"https:\/\/ec.europa.eu\/info\/law\/law-topic\/data-protection\/data-transfers-outside-eu\/eu-us-privacy-shield_en\" target=\"_blank\" rel=\"noopener noreferrer\">https:\/\/ec.europa.eu\/info\/law\/law-topic\/data-protection\/data-transfers-outside-eu\/eu-us-privacy-shield_en<\/a><\/li>\r\n<li>Pagina informativa del Garante italiano:\u00a0<a href=\"https:\/\/www.garanteprivacy.it\/web\/guest\/home\/docweb\/-\/docweb-display\/docweb\/5306161\" target=\"_blank\" rel=\"noopener noreferrer\">https:\/\/www.garanteprivacy.it\/web\/guest\/home\/docweb\/-\/docweb-display\/docweb\/5306161<\/a><\/li>\r\n<li>Qui il sito curato dal Dipartimento del Commercio USA:\u00a0<a href=\"https:\/\/www.privacyshield.gov\/welcome\" target=\"_blank\" rel=\"noopener noreferrer\">https:\/\/www.privacyshield.gov\/welcome<\/a><\/li>\r\n<\/ul>\r\nPer cui non occorre un ulteriore consenso rispetto alla base giuridica utilizzata per la raccolta e il trattamento nel SEE. Le aziende sopra menzionate garantiscono la propria adesione al Privacy Shield.<\/div>\r\n<\/div>\r\n<div class=\"deeper-spacer clearfix\" data-config=\"{&quot;desktop&quot;:45,&quot;mobile&quot;:35,&quot;smobile&quot;:25}\">\u00a0<\/div>\r\n<h2 class=\"deeper-text align-left  wow fadeInUp\" data-wow-duration=\"0.75s\" data-wow-delay=\"0.3s\">\u00a0<\/h2>\r\n<h3 class=\"vc_custom_heading\">Quali Diritti Hai In Merito Ai Dati Da Noi Trattati<\/h3>\r\n<div class=\"vc_empty_space\">\u00a0<\/div>\r\n<div class=\"wpb_text_column wpb_content_element\">\r\n<div class=\"wpb_wrapper\">Quale interessato al trattamento Ai sensi del Regolamento europeo 679\/2016 (GDPR) e dell\u2019art. 7 del D. Lgs. 30 giugno 2003, n. 196\u00a0(<a href=\"https:\/\/www.garanteprivacy.it\/web\/guest\/home\/docweb\/-\/docweb-display\/docweb\/1311248\" target=\"_blank\" rel=\"noopener noreferrer\">https:\/\/www.garanteprivacy.it\/web\/guest\/home\/docweb\/-\/docweb-display\/docweb\/1311248<\/a>),\u00a0puoi esercitare i seguenti diritti:\r\n<ul>\r\n<li>opporti in tutto o in parte, per motivi legittimi al trattamento dei dati personali che ti riguardano ai fini di invio di materiale pubblicitario o di vendita diretta o per il compimento di ricerche di mercato o di comunicazione commerciale;<\/li>\r\n<li>richiedere la conferma dell\u2019esistenza di dati personali che ti riguardano (diritto di accesso);<\/li>\r\n<li>conoscerne l\u2019origine;<\/li>\r\n<li>riceverne comunicazione intelligibile;<\/li>\r\n<li>avere informazioni circa la logica, le modalit\u00e0 e le finalit\u00e0 del trattamento;<\/li>\r\n<li>richiederne l\u2019aggiornamento, la rettifica, l\u2019integrazione, la cancellazione, la trasformazione in forma anonima, il blocco dei dati trattati in violazione di legge, ivi compresi quelli non pi\u00f9 necessari al perseguimento degli scopi per i quali sono stati raccolti;<\/li>\r\n<li>nei casi di trattamento basato su consenso, ricevere al solo costo dell\u2019eventuale supporto, i tuoi dati forniti al titolare, in forma strutturata e leggibile da un elaboratore di dati e in un formato comunemente usato da un dispositivo elettronico;<\/li>\r\n<li>presentare un reclamo all\u2019Autorit\u00e0 di controllo (Garante Privacy \u2013 link alla pagina del Garante\u00a0<a href=\"https:\/\/www.garanteprivacy.it\/web\/guest\/home\/docweb\/-\/docweb-display\/docweb\/4535524\" target=\"_blank\" rel=\"noopener noreferrer\">https:\/\/www.garanteprivacy.it\/web\/guest\/home\/docweb\/-\/docweb-display\/docweb\/4535524<\/a>);<\/li>\r\n<li>nonch\u00e9, pi\u00f9 in generale, esercitare tutti i diritti che ti sono riconosciuti dalle vigenti disposizioni di legge.<\/li>\r\n<\/ul>\r\nLe richieste vanno rivolte al Titolare del trattamento.<\/div>\r\n<\/div>\r\n<div class=\"deeper-spacer clearfix\" data-config=\"{&quot;desktop&quot;:45,&quot;mobile&quot;:35,&quot;smobile&quot;:25}\">\u00a0<\/div>\r\n<h2 class=\"deeper-text align-left  wow fadeInUp\" data-wow-duration=\"0.75s\" data-wow-delay=\"0.3s\">\u00a0<\/h2>\r\n<h3 class=\"vc_custom_heading\">Soggetti Del Trattamento<\/h3>\r\n<div class=\"vc_empty_space\">\u00a0<\/div>\r\n<div class=\"wpb_text_column wpb_content_element\">\r\n<div class=\"wpb_wrapper\">Titolare del trattamento ai sensi delle leggi vigenti \u00e8 <em>Azienda Agricola Le Querce di Tommaso Ver\u00ec<\/em><br \/>Contrada Vallev\u00f2, 163, 66020- Rocca San Giovanni (CH), contattabile tramite la sezione \u2018Contatti\u2019, o alla mail info@oliolequerce.it.<\/div>\r\n<\/div>","protected":false},"excerpt":{"rendered":"<p>Informativa Sintetica \u00a0 Azienda Agricola Le Querce di Tommaso Ver\u00ec (https:\/\/oliolequerce.it) non pubblica banner pubblicitari, non utilizza dati degli utenti a fini pubblicitari o comunque per profilare gli utenti; minimizza il pi\u00f9 possibile la raccolta e l\u2019uso dei dati personali degli utenti; utilizza per specifiche funzionalit\u00e0 del sito servizi di terze parti, che potrebbero raccogliere<\/p>\n<p class=\"more-link-wrapper\"><a class=\"btn btn-primary\" href=\"https:\/\/oliolequerce.it\/en\/privacy-policy\/\" data-no-translation=\"\" data-trp-gettext=\"\">Read More<\/a><\/p>","protected":false},"author":1,"featured_media":0,"parent":0,"menu_order":0,"comment_status":"closed","ping_status":"open","template":"","meta":{"_themeisle_gutenberg_block_has_review":false,"footnotes":""},"class_list":["post-3","page","type-page","status-publish","hentry"],"acf":[],"yoast_head":"<!-- This site is optimized with the Yoast SEO plugin v19.10 - https:\/\/yoast.com\/wordpress\/plugins\/seo\/ -->\n<title>Privacy Policy - Olio Le Querce<\/title>\n<meta name=\"robots\" content=\"index, follow, max-snippet:-1, max-image-preview:large, max-video-preview:-1\" \/>\n<link rel=\"canonical\" href=\"https:\/\/oliolequerce.it\/en\/privacy-policy\/\" \/>\n<meta property=\"og:locale\" content=\"en_GB\" \/>\n<meta property=\"og:type\" content=\"article\" \/>\n<meta property=\"og:title\" content=\"Privacy Policy - Olio Le Querce\" \/>\n<meta property=\"og:description\" content=\"Informativa Sintetica \u00a0 Azienda Agricola Le Querce di Tommaso Ver\u00ec (https:\/\/oliolequerce.it) non pubblica banner pubblicitari, non utilizza dati degli utenti a fini pubblicitari o comunque per profilare gli utenti; minimizza il pi\u00f9 possibile la raccolta e l\u2019uso dei dati personali degli utenti; utilizza per specifiche funzionalit\u00e0 del sito servizi di terze parti, che potrebbero raccogliereRead More\" \/>\n<meta property=\"og:url\" content=\"https:\/\/oliolequerce.it\/en\/privacy-policy\/\" \/>\n<meta property=\"og:site_name\" content=\"Olio Le Querce\" \/>\n<meta property=\"article:modified_time\" content=\"2022-11-23T08:30:35+00:00\" \/>\n<meta name=\"twitter:card\" content=\"summary_large_image\" \/>\n<meta name=\"twitter:label1\" content=\"Estimated reading time\" \/>\n\t<meta name=\"twitter:data1\" content=\"8 minutes\" \/>\n<script type=\"application\/ld+json\" class=\"yoast-schema-graph\">{\"@context\":\"https:\/\/schema.org\",\"@graph\":[{\"@type\":\"WebPage\",\"@id\":\"https:\/\/oliolequerce.it\/privacy-policy\/\",\"url\":\"https:\/\/oliolequerce.it\/privacy-policy\/\",\"name\":\"Privacy Policy - Olio Le Querce\",\"isPartOf\":{\"@id\":\"https:\/\/oliolequerce.it\/#website\"},\"datePublished\":\"2022-10-15T07:06:17+00:00\",\"dateModified\":\"2022-11-23T08:30:35+00:00\",\"breadcrumb\":{\"@id\":\"https:\/\/oliolequerce.it\/privacy-policy\/#breadcrumb\"},\"inLanguage\":\"en-GB\",\"potentialAction\":[{\"@type\":\"ReadAction\",\"target\":[\"https:\/\/oliolequerce.it\/privacy-policy\/\"]}]},{\"@type\":\"BreadcrumbList\",\"@id\":\"https:\/\/oliolequerce.it\/privacy-policy\/#breadcrumb\",\"itemListElement\":[{\"@type\":\"ListItem\",\"position\":1,\"name\":\"Home\",\"item\":\"https:\/\/oliolequerce.it\/\"},{\"@type\":\"ListItem\",\"position\":2,\"name\":\"Privacy Policy\"}]},{\"@type\":\"WebSite\",\"@id\":\"https:\/\/oliolequerce.it\/#website\",\"url\":\"https:\/\/oliolequerce.it\/\",\"name\":\"Olio Le Querce\",\"description\":\"Olio Extravergine di Oliva\",\"publisher\":{\"@id\":\"https:\/\/oliolequerce.it\/#organization\"},\"potentialAction\":[{\"@type\":\"SearchAction\",\"target\":{\"@type\":\"EntryPoint\",\"urlTemplate\":\"https:\/\/oliolequerce.it\/?s={search_term_string}\"},\"query-input\":\"required name=search_term_string\"}],\"inLanguage\":\"en-GB\"},{\"@type\":\"Organization\",\"@id\":\"https:\/\/oliolequerce.it\/#organization\",\"name\":\"Olio Le Querce\",\"url\":\"https:\/\/oliolequerce.it\/\",\"logo\":{\"@type\":\"ImageObject\",\"inLanguage\":\"en-GB\",\"@id\":\"https:\/\/oliolequerce.it\/#\/schema\/logo\/image\/\",\"url\":\"https:\/\/oliolequerce.it\/wp-content\/uploads\/2022\/11\/olio-le-querce-olio-extravergine-di-oliva-logo-web-02.png\",\"contentUrl\":\"https:\/\/oliolequerce.it\/wp-content\/uploads\/2022\/11\/olio-le-querce-olio-extravergine-di-oliva-logo-web-02.png\",\"width\":140,\"height\":140,\"caption\":\"Olio Le Querce\"},\"image\":{\"@id\":\"https:\/\/oliolequerce.it\/#\/schema\/logo\/image\/\"}}]}<\/script>\n<!-- \/ Yoast SEO plugin. -->","yoast_head_json":{"title":"Privacy Policy - Olio Le Querce","robots":{"index":"index","follow":"follow","max-snippet":"max-snippet:-1","max-image-preview":"max-image-preview:large","max-video-preview":"max-video-preview:-1"},"canonical":"https:\/\/oliolequerce.it\/en\/privacy-policy\/","og_locale":"en_GB","og_type":"article","og_title":"Privacy Policy - Olio Le Querce","og_description":"Informativa Sintetica \u00a0 Azienda Agricola Le Querce di Tommaso Ver\u00ec (https:\/\/oliolequerce.it) non pubblica banner pubblicitari, non utilizza dati degli utenti a fini pubblicitari o comunque per profilare gli utenti; minimizza il pi\u00f9 possibile la raccolta e l\u2019uso dei dati personali degli utenti; utilizza per specifiche funzionalit\u00e0 del sito servizi di terze parti, che potrebbero raccogliereRead More","og_url":"https:\/\/oliolequerce.it\/en\/privacy-policy\/","og_site_name":"Olio Le Querce","article_modified_time":"2022-11-23T08:30:35+00:00","twitter_card":"summary_large_image","twitter_misc":{"Estimated reading time":"8 minutes"},"schema":{"@context":"https:\/\/schema.org","@graph":[{"@type":"WebPage","@id":"https:\/\/oliolequerce.it\/privacy-policy\/","url":"https:\/\/oliolequerce.it\/privacy-policy\/","name":"Privacy Policy - Olio Le Querce","isPartOf":{"@id":"https:\/\/oliolequerce.it\/#website"},"datePublished":"2022-10-15T07:06:17+00:00","dateModified":"2022-11-23T08:30:35+00:00","breadcrumb":{"@id":"https:\/\/oliolequerce.it\/privacy-policy\/#breadcrumb"},"inLanguage":"en-GB","potentialAction":[{"@type":"ReadAction","target":["https:\/\/oliolequerce.it\/privacy-policy\/"]}]},{"@type":"BreadcrumbList","@id":"https:\/\/oliolequerce.it\/privacy-policy\/#breadcrumb","itemListElement":[{"@type":"ListItem","position":1,"name":"Home","item":"https:\/\/oliolequerce.it\/"},{"@type":"ListItem","position":2,"name":"Privacy Policy"}]},{"@type":"WebSite","@id":"https:\/\/oliolequerce.it\/#website","url":"https:\/\/oliolequerce.it\/","name":"Olio Le Querce","description":"Olio Extravergine di Oliva","publisher":{"@id":"https:\/\/oliolequerce.it\/#organization"},"potentialAction":[{"@type":"SearchAction","target":{"@type":"EntryPoint","urlTemplate":"https:\/\/oliolequerce.it\/?s={search_term_string}"},"query-input":"required name=search_term_string"}],"inLanguage":"en-GB"},{"@type":"Organization","@id":"https:\/\/oliolequerce.it\/#organization","name":"Olio Le Querce","url":"https:\/\/oliolequerce.it\/","logo":{"@type":"ImageObject","inLanguage":"en-GB","@id":"https:\/\/oliolequerce.it\/#\/schema\/logo\/image\/","url":"https:\/\/oliolequerce.it\/wp-content\/uploads\/2022\/11\/olio-le-querce-olio-extravergine-di-oliva-logo-web-02.png","contentUrl":"https:\/\/oliolequerce.it\/wp-content\/uploads\/2022\/11\/olio-le-querce-olio-extravergine-di-oliva-logo-web-02.png","width":140,"height":140,"caption":"Olio Le Querce"},"image":{"@id":"https:\/\/oliolequerce.it\/#\/schema\/logo\/image\/"}}]}},"_links":{"self":[{"href":"https:\/\/oliolequerce.it\/en\/wp-json\/wp\/v2\/pages\/3","targetHints":{"allow":["GET"]}}],"collection":[{"href":"https:\/\/oliolequerce.it\/en\/wp-json\/wp\/v2\/pages"}],"about":[{"href":"https:\/\/oliolequerce.it\/en\/wp-json\/wp\/v2\/types\/page"}],"author":[{"embeddable":true,"href":"https:\/\/oliolequerce.it\/en\/wp-json\/wp\/v2\/users\/1"}],"replies":[{"embeddable":true,"href":"https:\/\/oliolequerce.it\/en\/wp-json\/wp\/v2\/comments?post=3"}],"version-history":[{"count":4,"href":"https:\/\/oliolequerce.it\/en\/wp-json\/wp\/v2\/pages\/3\/revisions"}],"predecessor-version":[{"id":3922,"href":"https:\/\/oliolequerce.it\/en\/wp-json\/wp\/v2\/pages\/3\/revisions\/3922"}],"wp:attachment":[{"href":"https:\/\/oliolequerce.it\/en\/wp-json\/wp\/v2\/media?parent=3"}],"curies":[{"name":"wp","href":"https:\/\/api.w.org\/{rel}","templated":true}]}}