{"id":3035,"date":"2019-02-23T12:02:23","date_gmt":"2019-02-23T12:02:23","guid":{"rendered":"http:\/\/localhost\/tracian\/?post_type=product&#038;p=3035"},"modified":"2025-10-14T16:36:33","modified_gmt":"2025-10-14T16:36:33","slug":"olio-extravergine-di-oliva-le-querce-5l-4-bag-in-box-14e-l","status":"publish","type":"product","link":"https:\/\/oliolequerce.it\/en\/product\/olio-extravergine-di-oliva-le-querce-5l-4-bag-in-box-14e-l\/","title":{"rendered":"Olio Extravergine di Oliva Le Querce 5L &#8211; 4 Bag in Box (14,5\u20ac \/ L)"},"content":{"rendered":"<div class=\"vc_row wpb_row vc_row-fluid vc_custom_1579167632541 vc_row-o-equal-height vc_row-flex\"><div class=\"wpb_column vc_column_container vc_col-sm-6 vc_col-has-fill\"><div class=\"vc_column-inner vc_custom_1579167622255\"><div class=\"wpb_wrapper\">\n\t<div class=\"title-subtitle-box  vc_custom_1669019703452\" style=\" text-align: left;\">\n\t\t<h1 style=\" font-weight: normal;\" class=\"special-title\" >Description<\/h1>\n\t<\/div> \n\t<div class=\"gg-infobox  text-align-left\" >\n\t\t<div class=\"infobox-title\" >EXTRA VIRGIN OLIVE OIL<\/div>\n\t\t<span class=\"gg-horizontal-line\" ><\/span>\n\t\t<div class=\"infobox-description\" ><p>Our 100% Made in Italy extra virgin olive oil,\u00a0<em>Gentile di Chieti variety.\u00a0 <\/em>The oil is extracted completely cold, using the vacuum processing technique which allows to safeguard all the organoleptic and olfactory characteristics present in an olive harvested by hand with the aid of small shakers in advance of maturation to enhance the aromas.<\/p>\n<\/div>\n\t<\/div> \n\t<div class=\"gg-infobox  text-align-left\" >\n\t\t<div class=\"infobox-title\" >ORGANOLEPTIC NOTES<\/div>\n\t\t<span class=\"gg-horizontal-line\" ><\/span>\n\t\t<div class=\"infobox-description\" ><p>Oil with a strong character, with a harmonious and soft taste, with a hint of fresh grass, apple and a delicate aromatic appeal. Gastronomic combinations: ideal for dishes with an important structure, such as legume soups, stews, grilled red meats, cooked and grilled vegetables, also perfect for crudit\u00e9s and salads.<\/p>\n<\/div>\n\t<\/div> <\/div><\/div><\/div><div class=\"reveal-effect masker wow wpb_column vc_column_container vc_col-sm-6 vc_col-has-fill\"><div class=\"vc_column-inner vc_custom_1669018988046\"><div class=\"wpb_wrapper\"><div class=\"vc_empty_space\"   style=\"height: 500px\"><span class=\"vc_empty_space_inner\"><\/span><\/div><\/div><\/div><\/div><\/div>","protected":false},"excerpt":{"rendered":"<p>For those who don't want to give up the quality of our oil but need larger quantities, our oil is available in 5 liter tins.<br \/>\nRich in polyphenols and natural antioxidants that keep our body cells young.<\/p>","protected":false},"featured_media":4021,"template":"","meta":{"_themeisle_gutenberg_block_has_review":false},"product_cat":[41],"product_tag":[],"class_list":["post-3035","product","type-product","status-publish","has-post-thumbnail","hentry","product_cat-bag-in-box-5l","product_shipping_class-latte-4","has_thumb"],"acf":[],"yoast_head":"<!-- This site is optimized with the Yoast SEO plugin v19.10 - https:\/\/yoast.com\/wordpress\/plugins\/seo\/ -->\n<title>Olio Extravergine di Oliva Le Querce 5L - 4 Bag in Box (14,5\u20ac \/ L) - Olio Le Querce<\/title>\n<meta name=\"robots\" content=\"index, follow, max-snippet:-1, max-image-preview:large, max-video-preview:-1\" \/>\n<link rel=\"canonical\" href=\"https:\/\/oliolequerce.it\/en\/product\/olio-extravergine-di-oliva-le-querce-5l-4-bag-in-box-14e-l\/\" \/>\n<meta property=\"og:locale\" content=\"en_GB\" \/>\n<meta property=\"og:type\" content=\"article\" \/>\n<meta property=\"og:title\" content=\"Olio Extravergine di Oliva Le Querce 5L - 4 Bag in Box (14,5\u20ac \/ L) - Olio Le Querce\" \/>\n<meta property=\"og:description\" content=\"Per chi non vuole rinunciare alla qualit\u00e0 del nostro olio ma necessita di quantit\u00e0 maggiori, il nostro olio \u00e8 disponibile in lattina da 5 litri. Ricco in polifenoli e antiossidanti naturali che mantengono giovani le cellule del nostro organismo.\" \/>\n<meta property=\"og:url\" content=\"https:\/\/oliolequerce.it\/en\/product\/olio-extravergine-di-oliva-le-querce-5l-4-bag-in-box-14e-l\/\" \/>\n<meta property=\"og:site_name\" content=\"Olio Le Querce\" \/>\n<meta property=\"article:modified_time\" content=\"2025-10-14T16:36:33+00:00\" \/>\n<meta property=\"og:image\" content=\"https:\/\/oliolequerce.it\/wp-content\/uploads\/2019\/02\/olio-le-querce-bag-in-box-01.png\" \/>\n\t<meta property=\"og:image:width\" content=\"900\" \/>\n\t<meta property=\"og:image:height\" content=\"1025\" \/>\n\t<meta property=\"og:image:type\" content=\"image\/png\" \/>\n<meta name=\"twitter:card\" content=\"summary_large_image\" \/>\n<meta name=\"twitter:label1\" content=\"Estimated reading time\" \/>\n\t<meta name=\"twitter:data1\" content=\"1 minute\" \/>\n<script type=\"application\/ld+json\" class=\"yoast-schema-graph\">{\"@context\":\"https:\/\/schema.org\",\"@graph\":[{\"@type\":\"WebPage\",\"@id\":\"https:\/\/oliolequerce.it\/prodotto\/olio-extravergine-di-oliva-le-querce-5l-4-bag-in-box-14e-l\/\",\"url\":\"https:\/\/oliolequerce.it\/prodotto\/olio-extravergine-di-oliva-le-querce-5l-4-bag-in-box-14e-l\/\",\"name\":\"Olio Extravergine di Oliva Le Querce 5L - 4 Bag in Box (14,5\u20ac \/ L) - Olio Le Querce\",\"isPartOf\":{\"@id\":\"https:\/\/oliolequerce.it\/#website\"},\"datePublished\":\"2019-02-23T12:02:23+00:00\",\"dateModified\":\"2025-10-14T16:36:33+00:00\",\"breadcrumb\":{\"@id\":\"https:\/\/oliolequerce.it\/prodotto\/olio-extravergine-di-oliva-le-querce-5l-4-bag-in-box-14e-l\/#breadcrumb\"},\"inLanguage\":\"en-GB\",\"potentialAction\":[{\"@type\":\"ReadAction\",\"target\":[\"https:\/\/oliolequerce.it\/prodotto\/olio-extravergine-di-oliva-le-querce-5l-4-bag-in-box-14e-l\/\"]}]},{\"@type\":\"BreadcrumbList\",\"@id\":\"https:\/\/oliolequerce.it\/prodotto\/olio-extravergine-di-oliva-le-querce-5l-4-bag-in-box-14e-l\/#breadcrumb\",\"itemListElement\":[{\"@type\":\"ListItem\",\"position\":1,\"name\":\"Home\",\"item\":\"https:\/\/oliolequerce.it\/\"},{\"@type\":\"ListItem\",\"position\":2,\"name\":\"Shop\",\"item\":\"https:\/\/oliolequerce.it\/shop\/\"},{\"@type\":\"ListItem\",\"position\":3,\"name\":\"Olio Extravergine di Oliva Le Querce 5L &#8211; 4 Bag in Box (14,5\u20ac \/ L)\"}]},{\"@type\":\"WebSite\",\"@id\":\"https:\/\/oliolequerce.it\/#website\",\"url\":\"https:\/\/oliolequerce.it\/\",\"name\":\"Olio Le Querce\",\"description\":\"Olio Extravergine di Oliva\",\"publisher\":{\"@id\":\"https:\/\/oliolequerce.it\/#organization\"},\"potentialAction\":[{\"@type\":\"SearchAction\",\"target\":{\"@type\":\"EntryPoint\",\"urlTemplate\":\"https:\/\/oliolequerce.it\/?s={search_term_string}\"},\"query-input\":\"required name=search_term_string\"}],\"inLanguage\":\"en-GB\"},{\"@type\":\"Organization\",\"@id\":\"https:\/\/oliolequerce.it\/#organization\",\"name\":\"Olio Le Querce\",\"url\":\"https:\/\/oliolequerce.it\/\",\"logo\":{\"@type\":\"ImageObject\",\"inLanguage\":\"en-GB\",\"@id\":\"https:\/\/oliolequerce.it\/#\/schema\/logo\/image\/\",\"url\":\"https:\/\/oliolequerce.it\/wp-content\/uploads\/2022\/11\/olio-le-querce-olio-extravergine-di-oliva-logo-web-02.png\",\"contentUrl\":\"https:\/\/oliolequerce.it\/wp-content\/uploads\/2022\/11\/olio-le-querce-olio-extravergine-di-oliva-logo-web-02.png\",\"width\":140,\"height\":140,\"caption\":\"Olio Le Querce\"},\"image\":{\"@id\":\"https:\/\/oliolequerce.it\/#\/schema\/logo\/image\/\"}}]}<\/script>\n<!-- \/ Yoast SEO plugin. -->","yoast_head_json":{"title":"Olio Extravergine di Oliva Le Querce 5L - 4 Bag in Box (14,5\u20ac \/ L) - Olio Le Querce","robots":{"index":"index","follow":"follow","max-snippet":"max-snippet:-1","max-image-preview":"max-image-preview:large","max-video-preview":"max-video-preview:-1"},"canonical":"https:\/\/oliolequerce.it\/en\/product\/olio-extravergine-di-oliva-le-querce-5l-4-bag-in-box-14e-l\/","og_locale":"en_GB","og_type":"article","og_title":"Olio Extravergine di Oliva Le Querce 5L - 4 Bag in Box (14,5\u20ac \/ L) - Olio Le Querce","og_description":"Per chi non vuole rinunciare alla qualit\u00e0 del nostro olio ma necessita di quantit\u00e0 maggiori, il nostro olio \u00e8 disponibile in lattina da 5 litri. Ricco in polifenoli e antiossidanti naturali che mantengono giovani le cellule del nostro organismo.","og_url":"https:\/\/oliolequerce.it\/en\/product\/olio-extravergine-di-oliva-le-querce-5l-4-bag-in-box-14e-l\/","og_site_name":"Olio Le Querce","article_modified_time":"2025-10-14T16:36:33+00:00","og_image":[{"width":900,"height":1025,"url":"https:\/\/oliolequerce.it\/wp-content\/uploads\/2019\/02\/olio-le-querce-bag-in-box-01.png","type":"image\/png"}],"twitter_card":"summary_large_image","twitter_misc":{"Estimated reading time":"1 minute"},"schema":{"@context":"https:\/\/schema.org","@graph":[{"@type":"WebPage","@id":"https:\/\/oliolequerce.it\/prodotto\/olio-extravergine-di-oliva-le-querce-5l-4-bag-in-box-14e-l\/","url":"https:\/\/oliolequerce.it\/prodotto\/olio-extravergine-di-oliva-le-querce-5l-4-bag-in-box-14e-l\/","name":"Olio Extravergine di Oliva Le Querce 5L - 4 Bag in Box (14,5\u20ac \/ L) - Olio Le Querce","isPartOf":{"@id":"https:\/\/oliolequerce.it\/#website"},"datePublished":"2019-02-23T12:02:23+00:00","dateModified":"2025-10-14T16:36:33+00:00","breadcrumb":{"@id":"https:\/\/oliolequerce.it\/prodotto\/olio-extravergine-di-oliva-le-querce-5l-4-bag-in-box-14e-l\/#breadcrumb"},"inLanguage":"en-GB","potentialAction":[{"@type":"ReadAction","target":["https:\/\/oliolequerce.it\/prodotto\/olio-extravergine-di-oliva-le-querce-5l-4-bag-in-box-14e-l\/"]}]},{"@type":"BreadcrumbList","@id":"https:\/\/oliolequerce.it\/prodotto\/olio-extravergine-di-oliva-le-querce-5l-4-bag-in-box-14e-l\/#breadcrumb","itemListElement":[{"@type":"ListItem","position":1,"name":"Home","item":"https:\/\/oliolequerce.it\/"},{"@type":"ListItem","position":2,"name":"Shop","item":"https:\/\/oliolequerce.it\/shop\/"},{"@type":"ListItem","position":3,"name":"Olio Extravergine di Oliva Le Querce 5L &#8211; 4 Bag in Box (14,5\u20ac \/ L)"}]},{"@type":"WebSite","@id":"https:\/\/oliolequerce.it\/#website","url":"https:\/\/oliolequerce.it\/","name":"Olio Le Querce","description":"Olio Extravergine di Oliva","publisher":{"@id":"https:\/\/oliolequerce.it\/#organization"},"potentialAction":[{"@type":"SearchAction","target":{"@type":"EntryPoint","urlTemplate":"https:\/\/oliolequerce.it\/?s={search_term_string}"},"query-input":"required name=search_term_string"}],"inLanguage":"en-GB"},{"@type":"Organization","@id":"https:\/\/oliolequerce.it\/#organization","name":"Olio Le Querce","url":"https:\/\/oliolequerce.it\/","logo":{"@type":"ImageObject","inLanguage":"en-GB","@id":"https:\/\/oliolequerce.it\/#\/schema\/logo\/image\/","url":"https:\/\/oliolequerce.it\/wp-content\/uploads\/2022\/11\/olio-le-querce-olio-extravergine-di-oliva-logo-web-02.png","contentUrl":"https:\/\/oliolequerce.it\/wp-content\/uploads\/2022\/11\/olio-le-querce-olio-extravergine-di-oliva-logo-web-02.png","width":140,"height":140,"caption":"Olio Le Querce"},"image":{"@id":"https:\/\/oliolequerce.it\/#\/schema\/logo\/image\/"}}]}},"_links":{"self":[{"href":"https:\/\/oliolequerce.it\/en\/wp-json\/wp\/v2\/product\/3035","targetHints":{"allow":["GET"]}}],"collection":[{"href":"https:\/\/oliolequerce.it\/en\/wp-json\/wp\/v2\/product"}],"about":[{"href":"https:\/\/oliolequerce.it\/en\/wp-json\/wp\/v2\/types\/product"}],"wp:featuredmedia":[{"embeddable":true,"href":"https:\/\/oliolequerce.it\/en\/wp-json\/wp\/v2\/media\/4021"}],"wp:attachment":[{"href":"https:\/\/oliolequerce.it\/en\/wp-json\/wp\/v2\/media?parent=3035"}],"wp:term":[{"taxonomy":"product_cat","embeddable":true,"href":"https:\/\/oliolequerce.it\/en\/wp-json\/wp\/v2\/product_cat?post=3035"},{"taxonomy":"product_tag","embeddable":true,"href":"https:\/\/oliolequerce.it\/en\/wp-json\/wp\/v2\/product_tag?post=3035"}],"curies":[{"name":"wp","href":"https:\/\/api.w.org\/{rel}","templated":true}]}}